{"id":115,"date":"2021-02-28T20:49:04","date_gmt":"2021-02-28T19:49:04","guid":{"rendered":"http:\/\/hotellaroseraie.fr\/?page_id=115"},"modified":"2021-03-10T23:43:01","modified_gmt":"2021-03-10T22:43:01","slug":"hebergement","status":"publish","type":"page","link":"https:\/\/www.hotellaroseraie.fr\/index.php\/hebergement\/","title":{"rendered":"H\u00e9bergement"},"content":{"rendered":"\n<p class=\"has-text-align-center\" style=\"font-size:22px\"><strong><em>l&rsquo;h\u00f4tel dispose d&rsquo;une capacit\u00e9 d&rsquo;accueil de 80 lits, ses chambres single, doubles, suites sont soigneusement \u00e9quip\u00e9es pour un confort complet, avec une option de room services, assur\u00e9e \u00e0 la demande. <\/em><\/strong> <\/p>\n\n\n\n<p class=\"has-text-align-center\"><\/p>\n\n\n\n<figure class=\"wp-block-gallery columns-2 is-cropped\"><ul class=\"blocks-gallery-grid\"><li class=\"blocks-gallery-item\"><figure><img loading=\"lazy\" width=\"1024\" height=\"678\" src=\"http:\/\/hotellaroseraie.fr\/wp-content\/uploads\/2021\/03\/received_3427731470324281.jpeg\" alt=\"\" data-id=\"547\" data-link=\"http:\/\/hotellaroseraie.fr\/index.php\/hebergement\/received_3427731470324281\/\" class=\"wp-image-547\" srcset=\"https:\/\/www.hotellaroseraie.fr\/wp-content\/uploads\/2021\/03\/received_3427731470324281.jpeg 1024w, https:\/\/www.hotellaroseraie.fr\/wp-content\/uploads\/2021\/03\/received_3427731470324281-300x199.jpeg 300w, https:\/\/www.hotellaroseraie.fr\/wp-content\/uploads\/2021\/03\/received_3427731470324281-768x509.jpeg 768w\" sizes=\"(max-width: 1024px) 100vw, 1024px\" \/><\/figure><\/li><li class=\"blocks-gallery-item\"><figure><img loading=\"lazy\" width=\"1024\" height=\"678\" src=\"http:\/\/hotellaroseraie.fr\/wp-content\/uploads\/2021\/03\/received_3029671745087261.jpeg\" alt=\"\" data-id=\"548\" data-full-url=\"http:\/\/hotellaroseraie.fr\/wp-content\/uploads\/2021\/03\/received_3029671745087261.jpeg\" data-link=\"http:\/\/hotellaroseraie.fr\/index.php\/hebergement\/received_3029671745087261\/\" class=\"wp-image-548\" srcset=\"https:\/\/www.hotellaroseraie.fr\/wp-content\/uploads\/2021\/03\/received_3029671745087261.jpeg 1024w, https:\/\/www.hotellaroseraie.fr\/wp-content\/uploads\/2021\/03\/received_3029671745087261-300x199.jpeg 300w, https:\/\/www.hotellaroseraie.fr\/wp-content\/uploads\/2021\/03\/received_3029671745087261-768x509.jpeg 768w\" sizes=\"(max-width: 1024px) 100vw, 1024px\" \/><\/figure><\/li><\/ul><\/figure>\n\n\n\n<figure class=\"wp-block-gallery aligncenter columns-1 is-cropped\"><ul class=\"blocks-gallery-grid\"><li class=\"blocks-gallery-item\"><figure><img loading=\"lazy\" width=\"1024\" height=\"768\" src=\"http:\/\/hotellaroseraie.fr\/wp-content\/uploads\/2021\/03\/received_4753386302787741-1024x768.jpeg\" alt=\"\" data-id=\"550\" data-full-url=\"http:\/\/hotellaroseraie.fr\/wp-content\/uploads\/2021\/03\/received_4753386302787741.jpeg\" data-link=\"http:\/\/hotellaroseraie.fr\/index.php\/hebergement\/received_4753386302787741\/\" class=\"wp-image-550\" srcset=\"https:\/\/www.hotellaroseraie.fr\/wp-content\/uploads\/2021\/03\/received_4753386302787741-1024x768.jpeg 1024w, https:\/\/www.hotellaroseraie.fr\/wp-content\/uploads\/2021\/03\/received_4753386302787741-300x225.jpeg 300w, https:\/\/www.hotellaroseraie.fr\/wp-content\/uploads\/2021\/03\/received_4753386302787741-768x576.jpeg 768w, https:\/\/www.hotellaroseraie.fr\/wp-content\/uploads\/2021\/03\/received_4753386302787741-1536x1152.jpeg 1536w, https:\/\/www.hotellaroseraie.fr\/wp-content\/uploads\/2021\/03\/received_4753386302787741.jpeg 2016w\" sizes=\"(max-width: 1024px) 100vw, 1024px\" \/><\/figure><\/li><\/ul><\/figure>\n\n\n\n<figure class=\"wp-block-gallery columns-3 is-cropped\"><ul class=\"blocks-gallery-grid\"><li class=\"blocks-gallery-item\"><figure><img loading=\"lazy\" width=\"1024\" height=\"685\" src=\"http:\/\/hotellaroseraie.fr\/wp-content\/uploads\/2021\/03\/File-00086.jpg\" alt=\"\" data-id=\"185\" data-full-url=\"http:\/\/hotellaroseraie.fr\/wp-content\/uploads\/2021\/03\/File-00086.jpg\" data-link=\"http:\/\/hotellaroseraie.fr\/index.php\/hebergement\/file-00086\/\" class=\"wp-image-185\" srcset=\"https:\/\/www.hotellaroseraie.fr\/wp-content\/uploads\/2021\/03\/File-00086.jpg 1024w, https:\/\/www.hotellaroseraie.fr\/wp-content\/uploads\/2021\/03\/File-00086-300x201.jpg 300w, https:\/\/www.hotellaroseraie.fr\/wp-content\/uploads\/2021\/03\/File-00086-768x514.jpg 768w\" sizes=\"(max-width: 1024px) 100vw, 1024px\" \/><\/figure><\/li><li class=\"blocks-gallery-item\"><figure><img loading=\"lazy\" width=\"425\" height=\"319\" src=\"http:\/\/hotellaroseraie.fr\/wp-content\/uploads\/2021\/03\/File-00123.jpg\" alt=\"\" data-id=\"188\" data-full-url=\"http:\/\/hotellaroseraie.fr\/wp-content\/uploads\/2021\/03\/File-00123.jpg\" data-link=\"http:\/\/hotellaroseraie.fr\/index.php\/hebergement\/file-00123\/\" class=\"wp-image-188\" srcset=\"https:\/\/www.hotellaroseraie.fr\/wp-content\/uploads\/2021\/03\/File-00123.jpg 425w, https:\/\/www.hotellaroseraie.fr\/wp-content\/uploads\/2021\/03\/File-00123-300x225.jpg 300w\" sizes=\"(max-width: 425px) 100vw, 425px\" \/><\/figure><\/li><li class=\"blocks-gallery-item\"><figure><img loading=\"lazy\" width=\"1024\" height=\"576\" src=\"http:\/\/hotellaroseraie.fr\/wp-content\/uploads\/2021\/03\/File-00100-1024x576.jpg\" alt=\"\" data-id=\"186\" data-full-url=\"http:\/\/hotellaroseraie.fr\/wp-content\/uploads\/2021\/03\/File-00100-scaled.jpg\" data-link=\"http:\/\/hotellaroseraie.fr\/index.php\/hebergement\/file-00100\/\" class=\"wp-image-186\" srcset=\"https:\/\/www.hotellaroseraie.fr\/wp-content\/uploads\/2021\/03\/File-00100-1024x576.jpg 1024w, https:\/\/www.hotellaroseraie.fr\/wp-content\/uploads\/2021\/03\/File-00100-300x169.jpg 300w, https:\/\/www.hotellaroseraie.fr\/wp-content\/uploads\/2021\/03\/File-00100-768x432.jpg 768w, https:\/\/www.hotellaroseraie.fr\/wp-content\/uploads\/2021\/03\/File-00100-1536x864.jpg 1536w, https:\/\/www.hotellaroseraie.fr\/wp-content\/uploads\/2021\/03\/File-00100-2048x1152.jpg 2048w\" sizes=\"(max-width: 1024px) 100vw, 1024px\" \/><\/figure><\/li><li class=\"blocks-gallery-item\"><figure><img loading=\"lazy\" width=\"1024\" height=\"576\" src=\"http:\/\/hotellaroseraie.fr\/wp-content\/uploads\/2021\/03\/File-00163-1024x576.jpg\" alt=\"\" data-id=\"189\" data-full-url=\"http:\/\/hotellaroseraie.fr\/wp-content\/uploads\/2021\/03\/File-00163-scaled.jpg\" data-link=\"http:\/\/hotellaroseraie.fr\/index.php\/hebergement\/file-00163\/\" class=\"wp-image-189\" srcset=\"https:\/\/www.hotellaroseraie.fr\/wp-content\/uploads\/2021\/03\/File-00163-1024x576.jpg 1024w, https:\/\/www.hotellaroseraie.fr\/wp-content\/uploads\/2021\/03\/File-00163-300x169.jpg 300w, https:\/\/www.hotellaroseraie.fr\/wp-content\/uploads\/2021\/03\/File-00163-768x432.jpg 768w, https:\/\/www.hotellaroseraie.fr\/wp-content\/uploads\/2021\/03\/File-00163-1536x864.jpg 1536w, https:\/\/www.hotellaroseraie.fr\/wp-content\/uploads\/2021\/03\/File-00163-2048x1152.jpg 2048w\" sizes=\"(max-width: 1024px) 100vw, 1024px\" \/><\/figure><\/li><li class=\"blocks-gallery-item\"><figure><img loading=\"lazy\" width=\"1024\" height=\"685\" src=\"http:\/\/hotellaroseraie.fr\/wp-content\/uploads\/2021\/03\/DSC_0302-1024x685.jpg\" alt=\"\" data-id=\"183\" data-full-url=\"http:\/\/hotellaroseraie.fr\/wp-content\/uploads\/2021\/03\/DSC_0302-scaled.jpg\" data-link=\"http:\/\/hotellaroseraie.fr\/index.php\/hebergement\/dsc_0302\/\" class=\"wp-image-183\" srcset=\"https:\/\/www.hotellaroseraie.fr\/wp-content\/uploads\/2021\/03\/DSC_0302-1024x685.jpg 1024w, https:\/\/www.hotellaroseraie.fr\/wp-content\/uploads\/2021\/03\/DSC_0302-300x201.jpg 300w, https:\/\/www.hotellaroseraie.fr\/wp-content\/uploads\/2021\/03\/DSC_0302-768x514.jpg 768w, https:\/\/www.hotellaroseraie.fr\/wp-content\/uploads\/2021\/03\/DSC_0302-1536x1028.jpg 1536w, https:\/\/www.hotellaroseraie.fr\/wp-content\/uploads\/2021\/03\/DSC_0302-2048x1371.jpg 2048w\" sizes=\"(max-width: 1024px) 100vw, 1024px\" \/><\/figure><\/li><li class=\"blocks-gallery-item\"><figure><img loading=\"lazy\" width=\"1024\" height=\"576\" src=\"http:\/\/hotellaroseraie.fr\/wp-content\/uploads\/2021\/03\/File-00173-1024x576.jpg\" alt=\"\" data-id=\"192\" data-full-url=\"http:\/\/hotellaroseraie.fr\/wp-content\/uploads\/2021\/03\/File-00173-scaled.jpg\" data-link=\"http:\/\/hotellaroseraie.fr\/index.php\/hebergement\/file-00173\/\" class=\"wp-image-192\" srcset=\"https:\/\/www.hotellaroseraie.fr\/wp-content\/uploads\/2021\/03\/File-00173-1024x576.jpg 1024w, https:\/\/www.hotellaroseraie.fr\/wp-content\/uploads\/2021\/03\/File-00173-300x169.jpg 300w, https:\/\/www.hotellaroseraie.fr\/wp-content\/uploads\/2021\/03\/File-00173-768x432.jpg 768w, https:\/\/www.hotellaroseraie.fr\/wp-content\/uploads\/2021\/03\/File-00173-1536x864.jpg 1536w, https:\/\/www.hotellaroseraie.fr\/wp-content\/uploads\/2021\/03\/File-00173-2048x1152.jpg 2048w\" sizes=\"(max-width: 1024px) 100vw, 1024px\" \/><\/figure><\/li><li class=\"blocks-gallery-item\"><figure><img loading=\"lazy\" width=\"1024\" height=\"984\" src=\"http:\/\/hotellaroseraie.fr\/wp-content\/uploads\/2021\/03\/File-00245-1024x984.jpg\" alt=\"\" data-id=\"193\" data-full-url=\"http:\/\/hotellaroseraie.fr\/wp-content\/uploads\/2021\/03\/File-00245-scaled.jpg\" data-link=\"http:\/\/hotellaroseraie.fr\/index.php\/hebergement\/file-00245\/\" class=\"wp-image-193\" srcset=\"https:\/\/www.hotellaroseraie.fr\/wp-content\/uploads\/2021\/03\/File-00245-1024x984.jpg 1024w, https:\/\/www.hotellaroseraie.fr\/wp-content\/uploads\/2021\/03\/File-00245-300x288.jpg 300w, https:\/\/www.hotellaroseraie.fr\/wp-content\/uploads\/2021\/03\/File-00245-768x738.jpg 768w, https:\/\/www.hotellaroseraie.fr\/wp-content\/uploads\/2021\/03\/File-00245-1536x1476.jpg 1536w, https:\/\/www.hotellaroseraie.fr\/wp-content\/uploads\/2021\/03\/File-00245-2048x1968.jpg 2048w\" sizes=\"(max-width: 1024px) 100vw, 1024px\" \/><\/figure><\/li><li class=\"blocks-gallery-item\"><figure><img loading=\"lazy\" width=\"1024\" height=\"768\" src=\"http:\/\/hotellaroseraie.fr\/wp-content\/uploads\/2021\/03\/File-00446-1024x768.jpg\" alt=\"\" data-id=\"195\" data-full-url=\"http:\/\/hotellaroseraie.fr\/wp-content\/uploads\/2021\/03\/File-00446-scaled.jpg\" data-link=\"http:\/\/hotellaroseraie.fr\/index.php\/hebergement\/file-00446\/\" class=\"wp-image-195\" srcset=\"https:\/\/www.hotellaroseraie.fr\/wp-content\/uploads\/2021\/03\/File-00446-1024x768.jpg 1024w, https:\/\/www.hotellaroseraie.fr\/wp-content\/uploads\/2021\/03\/File-00446-300x225.jpg 300w, https:\/\/www.hotellaroseraie.fr\/wp-content\/uploads\/2021\/03\/File-00446-768x576.jpg 768w, https:\/\/www.hotellaroseraie.fr\/wp-content\/uploads\/2021\/03\/File-00446-1536x1152.jpg 1536w, https:\/\/www.hotellaroseraie.fr\/wp-content\/uploads\/2021\/03\/File-00446-2048x1536.jpg 2048w\" sizes=\"(max-width: 1024px) 100vw, 1024px\" \/><\/figure><\/li><li class=\"blocks-gallery-item\"><figure><img loading=\"lazy\" width=\"1024\" height=\"576\" src=\"http:\/\/hotellaroseraie.fr\/wp-content\/uploads\/2021\/03\/File-00494.jpg\" alt=\"\" data-id=\"196\" data-full-url=\"http:\/\/hotellaroseraie.fr\/wp-content\/uploads\/2021\/03\/File-00494.jpg\" data-link=\"http:\/\/hotellaroseraie.fr\/index.php\/hebergement\/file-00494\/\" class=\"wp-image-196\" srcset=\"https:\/\/www.hotellaroseraie.fr\/wp-content\/uploads\/2021\/03\/File-00494.jpg 1024w, https:\/\/www.hotellaroseraie.fr\/wp-content\/uploads\/2021\/03\/File-00494-300x169.jpg 300w, https:\/\/www.hotellaroseraie.fr\/wp-content\/uploads\/2021\/03\/File-00494-768x432.jpg 768w\" sizes=\"(max-width: 1024px) 100vw, 1024px\" \/><\/figure><\/li><li class=\"blocks-gallery-item\"><figure><img loading=\"lazy\" width=\"1024\" height=\"564\" src=\"http:\/\/hotellaroseraie.fr\/wp-content\/uploads\/2021\/03\/File-00509.jpg\" alt=\"\" data-id=\"197\" data-full-url=\"http:\/\/hotellaroseraie.fr\/wp-content\/uploads\/2021\/03\/File-00509.jpg\" data-link=\"http:\/\/hotellaroseraie.fr\/index.php\/hebergement\/file-00509\/\" class=\"wp-image-197\" srcset=\"https:\/\/www.hotellaroseraie.fr\/wp-content\/uploads\/2021\/03\/File-00509.jpg 1024w, https:\/\/www.hotellaroseraie.fr\/wp-content\/uploads\/2021\/03\/File-00509-300x165.jpg 300w, https:\/\/www.hotellaroseraie.fr\/wp-content\/uploads\/2021\/03\/File-00509-768x423.jpg 768w\" sizes=\"(max-width: 1024px) 100vw, 1024px\" \/><\/figure><\/li><li class=\"blocks-gallery-item\"><figure><img loading=\"lazy\" width=\"1024\" height=\"590\" src=\"http:\/\/hotellaroseraie.fr\/wp-content\/uploads\/2021\/03\/File-00747-1024x590.jpg\" alt=\"\" data-id=\"198\" data-full-url=\"http:\/\/hotellaroseraie.fr\/wp-content\/uploads\/2021\/03\/File-00747-scaled.jpg\" data-link=\"http:\/\/hotellaroseraie.fr\/index.php\/hebergement\/file-00747\/\" class=\"wp-image-198\" srcset=\"https:\/\/www.hotellaroseraie.fr\/wp-content\/uploads\/2021\/03\/File-00747-1024x590.jpg 1024w, https:\/\/www.hotellaroseraie.fr\/wp-content\/uploads\/2021\/03\/File-00747-300x173.jpg 300w, https:\/\/www.hotellaroseraie.fr\/wp-content\/uploads\/2021\/03\/File-00747-768x443.jpg 768w, https:\/\/www.hotellaroseraie.fr\/wp-content\/uploads\/2021\/03\/File-00747-1536x885.jpg 1536w, https:\/\/www.hotellaroseraie.fr\/wp-content\/uploads\/2021\/03\/File-00747-2048x1180.jpg 2048w\" sizes=\"(max-width: 1024px) 100vw, 1024px\" \/><\/figure><\/li><li class=\"blocks-gallery-item\"><figure><img loading=\"lazy\" width=\"1024\" height=\"576\" src=\"http:\/\/hotellaroseraie.fr\/wp-content\/uploads\/2021\/03\/La-Roseraie-703-1024x576.jpg\" alt=\"\" data-id=\"203\" data-full-url=\"http:\/\/hotellaroseraie.fr\/wp-content\/uploads\/2021\/03\/La-Roseraie-703-scaled.jpg\" data-link=\"http:\/\/hotellaroseraie.fr\/index.php\/hebergement\/la-roseraie-703\/\" class=\"wp-image-203\" srcset=\"https:\/\/www.hotellaroseraie.fr\/wp-content\/uploads\/2021\/03\/La-Roseraie-703-1024x576.jpg 1024w, https:\/\/www.hotellaroseraie.fr\/wp-content\/uploads\/2021\/03\/La-Roseraie-703-300x169.jpg 300w, https:\/\/www.hotellaroseraie.fr\/wp-content\/uploads\/2021\/03\/La-Roseraie-703-768x432.jpg 768w, https:\/\/www.hotellaroseraie.fr\/wp-content\/uploads\/2021\/03\/La-Roseraie-703-1536x864.jpg 1536w, https:\/\/www.hotellaroseraie.fr\/wp-content\/uploads\/2021\/03\/La-Roseraie-703-2048x1152.jpg 2048w\" sizes=\"(max-width: 1024px) 100vw, 1024px\" \/><\/figure><\/li><li class=\"blocks-gallery-item\"><figure><img loading=\"lazy\" width=\"576\" height=\"1024\" src=\"http:\/\/hotellaroseraie.fr\/wp-content\/uploads\/2021\/03\/La-Roseraie-118-576x1024.jpg\" alt=\"\" data-id=\"199\" data-full-url=\"http:\/\/hotellaroseraie.fr\/wp-content\/uploads\/2021\/03\/La-Roseraie-118-scaled.jpg\" data-link=\"http:\/\/hotellaroseraie.fr\/index.php\/hebergement\/la-roseraie-118\/\" class=\"wp-image-199\" srcset=\"https:\/\/www.hotellaroseraie.fr\/wp-content\/uploads\/2021\/03\/La-Roseraie-118-576x1024.jpg 576w, https:\/\/www.hotellaroseraie.fr\/wp-content\/uploads\/2021\/03\/La-Roseraie-118-169x300.jpg 169w, https:\/\/www.hotellaroseraie.fr\/wp-content\/uploads\/2021\/03\/La-Roseraie-118-768x1365.jpg 768w, https:\/\/www.hotellaroseraie.fr\/wp-content\/uploads\/2021\/03\/La-Roseraie-118-864x1536.jpg 864w, https:\/\/www.hotellaroseraie.fr\/wp-content\/uploads\/2021\/03\/La-Roseraie-118-1152x2048.jpg 1152w, https:\/\/www.hotellaroseraie.fr\/wp-content\/uploads\/2021\/03\/La-Roseraie-118-scaled.jpg 1440w\" sizes=\"(max-width: 576px) 100vw, 576px\" \/><\/figure><\/li><li class=\"blocks-gallery-item\"><figure><img loading=\"lazy\" width=\"1024\" height=\"906\" src=\"http:\/\/hotellaroseraie.fr\/wp-content\/uploads\/2021\/03\/La-Roseraie-121-1024x906.jpg\" alt=\"\" data-id=\"200\" data-full-url=\"http:\/\/hotellaroseraie.fr\/wp-content\/uploads\/2021\/03\/La-Roseraie-121-scaled.jpg\" data-link=\"http:\/\/hotellaroseraie.fr\/index.php\/hebergement\/la-roseraie-121\/\" class=\"wp-image-200\" srcset=\"https:\/\/www.hotellaroseraie.fr\/wp-content\/uploads\/2021\/03\/La-Roseraie-121-1024x906.jpg 1024w, https:\/\/www.hotellaroseraie.fr\/wp-content\/uploads\/2021\/03\/La-Roseraie-121-300x265.jpg 300w, https:\/\/www.hotellaroseraie.fr\/wp-content\/uploads\/2021\/03\/La-Roseraie-121-768x679.jpg 768w, https:\/\/www.hotellaroseraie.fr\/wp-content\/uploads\/2021\/03\/La-Roseraie-121-1536x1359.jpg 1536w, https:\/\/www.hotellaroseraie.fr\/wp-content\/uploads\/2021\/03\/La-Roseraie-121-2048x1811.jpg 2048w\" sizes=\"(max-width: 1024px) 100vw, 1024px\" \/><\/figure><\/li><li class=\"blocks-gallery-item\"><figure><img loading=\"lazy\" width=\"536\" height=\"1024\" src=\"http:\/\/hotellaroseraie.fr\/wp-content\/uploads\/2021\/03\/La-Roseraie-122-536x1024.jpg\" alt=\"\" data-id=\"201\" data-full-url=\"http:\/\/hotellaroseraie.fr\/wp-content\/uploads\/2021\/03\/La-Roseraie-122-scaled.jpg\" data-link=\"http:\/\/hotellaroseraie.fr\/index.php\/hebergement\/la-roseraie-122\/\" class=\"wp-image-201\" srcset=\"https:\/\/www.hotellaroseraie.fr\/wp-content\/uploads\/2021\/03\/La-Roseraie-122-536x1024.jpg 536w, https:\/\/www.hotellaroseraie.fr\/wp-content\/uploads\/2021\/03\/La-Roseraie-122-157x300.jpg 157w, https:\/\/www.hotellaroseraie.fr\/wp-content\/uploads\/2021\/03\/La-Roseraie-122-768x1467.jpg 768w, https:\/\/www.hotellaroseraie.fr\/wp-content\/uploads\/2021\/03\/La-Roseraie-122-804x1536.jpg 804w, https:\/\/www.hotellaroseraie.fr\/wp-content\/uploads\/2021\/03\/La-Roseraie-122-1072x2048.jpg 1072w, https:\/\/www.hotellaroseraie.fr\/wp-content\/uploads\/2021\/03\/La-Roseraie-122-scaled.jpg 1340w\" sizes=\"(max-width: 536px) 100vw, 536px\" \/><\/figure><\/li><\/ul><figcaption class=\"blocks-gallery-caption\"><br><br><\/figcaption><\/figure>\n\n\n\n<p><\/p>\n\n\n\n<figure class=\"wp-block-gallery aligncenter columns-1 is-cropped\"><ul class=\"blocks-gallery-grid\"><li class=\"blocks-gallery-item\"><figure><img loading=\"lazy\" width=\"1024\" height=\"768\" src=\"http:\/\/hotellaroseraie.fr\/wp-content\/uploads\/2021\/03\/received_11415373329480181-1024x768.jpeg\" alt=\"\" data-id=\"552\" data-full-url=\"http:\/\/hotellaroseraie.fr\/wp-content\/uploads\/2021\/03\/received_11415373329480181.jpeg\" data-link=\"http:\/\/hotellaroseraie.fr\/index.php\/hebergement\/received_11415373329480181\/\" class=\"wp-image-552\" srcset=\"https:\/\/www.hotellaroseraie.fr\/wp-content\/uploads\/2021\/03\/received_11415373329480181-1024x768.jpeg 1024w, https:\/\/www.hotellaroseraie.fr\/wp-content\/uploads\/2021\/03\/received_11415373329480181-300x225.jpeg 300w, https:\/\/www.hotellaroseraie.fr\/wp-content\/uploads\/2021\/03\/received_11415373329480181-768x576.jpeg 768w, https:\/\/www.hotellaroseraie.fr\/wp-content\/uploads\/2021\/03\/received_11415373329480181-1536x1152.jpeg 1536w, https:\/\/www.hotellaroseraie.fr\/wp-content\/uploads\/2021\/03\/received_11415373329480181.jpeg 2016w\" sizes=\"(max-width: 1024px) 100vw, 1024px\" \/><\/figure><\/li><\/ul><\/figure>\n\n\n\n<figure class=\"wp-block-gallery columns-3 is-cropped\"><ul class=\"blocks-gallery-grid\"><li class=\"blocks-gallery-item\"><figure><img loading=\"lazy\" width=\"764\" height=\"1024\" src=\"http:\/\/hotellaroseraie.fr\/wp-content\/uploads\/2021\/03\/received_2734923175524131-1-764x1024.jpeg\" alt=\"\" data-id=\"559\" data-link=\"http:\/\/hotellaroseraie.fr\/index.php\/hebergement\/received_2734923175524131-1\/\" class=\"wp-image-559\" srcset=\"https:\/\/www.hotellaroseraie.fr\/wp-content\/uploads\/2021\/03\/received_2734923175524131-1-764x1024.jpeg 764w, https:\/\/www.hotellaroseraie.fr\/wp-content\/uploads\/2021\/03\/received_2734923175524131-1-224x300.jpeg 224w, https:\/\/www.hotellaroseraie.fr\/wp-content\/uploads\/2021\/03\/received_2734923175524131-1-768x1029.jpeg 768w, https:\/\/www.hotellaroseraie.fr\/wp-content\/uploads\/2021\/03\/received_2734923175524131-1-1146x1536.jpeg 1146w, https:\/\/www.hotellaroseraie.fr\/wp-content\/uploads\/2021\/03\/received_2734923175524131-1.jpeg 1504w\" sizes=\"(max-width: 764px) 100vw, 764px\" \/><\/figure><\/li><li class=\"blocks-gallery-item\"><figure><img loading=\"lazy\" width=\"1024\" height=\"768\" src=\"http:\/\/hotellaroseraie.fr\/wp-content\/uploads\/2021\/03\/received_2537744428909221-1024x768.jpeg\" alt=\"\" data-id=\"560\" data-link=\"http:\/\/hotellaroseraie.fr\/index.php\/hebergement\/received_2537744428909221\/\" class=\"wp-image-560\" srcset=\"https:\/\/www.hotellaroseraie.fr\/wp-content\/uploads\/2021\/03\/received_2537744428909221-1024x768.jpeg 1024w, https:\/\/www.hotellaroseraie.fr\/wp-content\/uploads\/2021\/03\/received_2537744428909221-300x225.jpeg 300w, https:\/\/www.hotellaroseraie.fr\/wp-content\/uploads\/2021\/03\/received_2537744428909221-768x576.jpeg 768w, https:\/\/www.hotellaroseraie.fr\/wp-content\/uploads\/2021\/03\/received_2537744428909221-1536x1152.jpeg 1536w, https:\/\/www.hotellaroseraie.fr\/wp-content\/uploads\/2021\/03\/received_2537744428909221.jpeg 2016w\" sizes=\"(max-width: 1024px) 100vw, 1024px\" \/><\/figure><\/li><li class=\"blocks-gallery-item\"><figure><img loading=\"lazy\" width=\"960\" height=\"704\" src=\"http:\/\/hotellaroseraie.fr\/wp-content\/uploads\/2021\/03\/received_13847089685454131.jpeg\" alt=\"\" data-id=\"561\" data-full-url=\"http:\/\/hotellaroseraie.fr\/wp-content\/uploads\/2021\/03\/received_13847089685454131.jpeg\" data-link=\"http:\/\/hotellaroseraie.fr\/index.php\/hebergement\/received_13847089685454131\/\" class=\"wp-image-561\" srcset=\"https:\/\/www.hotellaroseraie.fr\/wp-content\/uploads\/2021\/03\/received_13847089685454131.jpeg 960w, https:\/\/www.hotellaroseraie.fr\/wp-content\/uploads\/2021\/03\/received_13847089685454131-300x220.jpeg 300w, https:\/\/www.hotellaroseraie.fr\/wp-content\/uploads\/2021\/03\/received_13847089685454131-768x563.jpeg 768w\" sizes=\"(max-width: 960px) 100vw, 960px\" \/><\/figure><\/li><\/ul><\/figure>\n\n\n\n<p><\/p>\n","protected":false},"excerpt":{"rendered":"<p>l&rsquo;h\u00f4tel dispose d&rsquo;une capacit\u00e9 d&rsquo;accueil de 80 lits, ses chambres single, doubles, suites sont soigneusement \u00e9quip\u00e9es pour un confort complet, avec une option de room services, assur\u00e9e \u00e0 la demande.<\/p>\n","protected":false},"author":1,"featured_media":0,"parent":0,"menu_order":0,"comment_status":"closed","ping_status":"closed","template":"","meta":[],"_links":{"self":[{"href":"https:\/\/www.hotellaroseraie.fr\/index.php\/wp-json\/wp\/v2\/pages\/115"}],"collection":[{"href":"https:\/\/www.hotellaroseraie.fr\/index.php\/wp-json\/wp\/v2\/pages"}],"about":[{"href":"https:\/\/www.hotellaroseraie.fr\/index.php\/wp-json\/wp\/v2\/types\/page"}],"author":[{"embeddable":true,"href":"https:\/\/www.hotellaroseraie.fr\/index.php\/wp-json\/wp\/v2\/users\/1"}],"replies":[{"embeddable":true,"href":"https:\/\/www.hotellaroseraie.fr\/index.php\/wp-json\/wp\/v2\/comments?post=115"}],"version-history":[{"count":20,"href":"https:\/\/www.hotellaroseraie.fr\/index.php\/wp-json\/wp\/v2\/pages\/115\/revisions"}],"predecessor-version":[{"id":611,"href":"https:\/\/www.hotellaroseraie.fr\/index.php\/wp-json\/wp\/v2\/pages\/115\/revisions\/611"}],"wp:attachment":[{"href":"https:\/\/www.hotellaroseraie.fr\/index.php\/wp-json\/wp\/v2\/media?parent=115"}],"curies":[{"name":"wp","href":"https:\/\/api.w.org\/{rel}","templated":true}]}}