{"id":367,"date":"2021-03-02T23:15:17","date_gmt":"2021-03-02T22:15:17","guid":{"rendered":"http:\/\/hotellaroseraie.fr\/?page_id=367"},"modified":"2021-03-10T23:41:27","modified_gmt":"2021-03-10T22:41:27","slug":"accueil","status":"publish","type":"page","link":"https:\/\/www.hotellaroseraie.fr\/","title":{"rendered":"Accueil"},"content":{"rendered":"\n<figure class=\"wp-block-gallery aligncenter columns-1 is-cropped\"><ul class=\"blocks-gallery-grid\"><li class=\"blocks-gallery-item\"><figure><img loading=\"lazy\" width=\"720\" height=\"960\" src=\"http:\/\/hotellaroseraie.fr\/wp-content\/uploads\/2021\/02\/La-Roseraie-204.jpg\" alt=\"\" data-id=\"70\" data-full-url=\"http:\/\/hotellaroseraie.fr\/wp-content\/uploads\/2021\/02\/La-Roseraie-204.jpg\" data-link=\"http:\/\/hotellaroseraie.fr\/?attachment_id=70\" class=\"wp-image-70\" srcset=\"https:\/\/www.hotellaroseraie.fr\/wp-content\/uploads\/2021\/02\/La-Roseraie-204.jpg 720w, https:\/\/www.hotellaroseraie.fr\/wp-content\/uploads\/2021\/02\/La-Roseraie-204-225x300.jpg 225w\" sizes=\"(max-width: 720px) 100vw, 720px\" \/><\/figure><\/li><\/ul><\/figure>\n\n\n\n<figure class=\"wp-block-audio\"><audio controls src=\"http:\/\/hotellaroseraie.fr\/wp-content\/uploads\/2021\/03\/A-Vava-Inouva-Instrumental-Guitar-CoverMP3_160K.mp3\" autoplay loop><\/audio><\/figure>\n\n\n\n<p class=\"has-text-align-center\"><strong>L&rsquo;H\u00f4tel La Roseraie <\/strong><strong><\/strong><\/p>\n\n\n\n<p class=\"has-text-align-center\" style=\"font-size:22px\"><strong><em>Est&nbsp;<span><b>Situ\u00e9 \u00e0 500 <\/b><\/span><b>m\u00e8tres  de la plage,  900 m\u00e8tres  des  grottes f\u00e9\u00e9riques d&rsquo;Aokas et entour\u00e9 de  divers sites touristiques associant mer et montagnes. (Gouraya et ses sites merveilleux, la cascade de K\u00e9frida et les gorges de kharrata la corniche Jijelienne, etc\u2026) Non loin de l&rsquo;a\u00e9roport international (Abane Ramdhane) et du port de Bejaia, <\/b>l&rsquo;h\u00f4tel la Roseraie avec ses chambres et suites, son restaurant gastronomique et terrasse lounge offrant une vue sur la chaine montagneuse surplombant la mer, vous assure un cadre vill\u00e9giature des plus agr\u00e9ables et digne des standards internationaux.  <\/em><\/strong><\/p>\n\n\n\n<p class=\"has-text-align-center\"><strong><em>&nbsp; <\/em><\/strong><\/p>\n\n\n\n<div class=\"wp-block-columns\">\n<div class=\"wp-block-column\" style=\"flex-basis:100%\">\n<figure class=\"wp-block-gallery columns-1 is-cropped\"><ul class=\"blocks-gallery-grid\"><li class=\"blocks-gallery-item\"><figure><img loading=\"lazy\" width=\"1024\" height=\"685\" src=\"http:\/\/hotellaroseraie.fr\/wp-content\/uploads\/2021\/03\/File-00124-1024x685.jpg\" alt=\"\" data-id=\"506\" data-full-url=\"http:\/\/hotellaroseraie.fr\/wp-content\/uploads\/2021\/03\/File-00124.jpg\" data-link=\"http:\/\/hotellaroseraie.fr\/index.php\/accueil\/file-00124\/\" class=\"wp-image-506\" srcset=\"https:\/\/www.hotellaroseraie.fr\/wp-content\/uploads\/2021\/03\/File-00124-1024x685.jpg 1024w, https:\/\/www.hotellaroseraie.fr\/wp-content\/uploads\/2021\/03\/File-00124-300x201.jpg 300w, https:\/\/www.hotellaroseraie.fr\/wp-content\/uploads\/2021\/03\/File-00124-768x514.jpg 768w, https:\/\/www.hotellaroseraie.fr\/wp-content\/uploads\/2021\/03\/File-00124.jpg 1435w\" sizes=\"(max-width: 1024px) 100vw, 1024px\" \/><\/figure><\/li><\/ul><\/figure>\n<\/div>\n<\/div>\n\n\n\n<p class=\"has-text-align-center\" style=\"font-size:27px\"><strong><em>Un accueil chaleureux vous attend<br>Un personnel qualifi\u00e9 pour vous orienter et faciliter votre installation.<\/em><\/strong><\/p>\n\n\n\n<figure class=\"wp-block-gallery columns-3 is-cropped\"><ul class=\"blocks-gallery-grid\"><li class=\"blocks-gallery-item\"><figure><img loading=\"lazy\" width=\"300\" height=\"225\" src=\"http:\/\/hotellaroseraie.fr\/wp-content\/uploads\/2021\/03\/IMG202103030819591-300x225.jpg\" alt=\"\" data-id=\"392\" data-link=\"http:\/\/hotellaroseraie.fr\/index.php\/accueil\/img202103030819591\/\" class=\"wp-image-392\" srcset=\"https:\/\/www.hotellaroseraie.fr\/wp-content\/uploads\/2021\/03\/IMG202103030819591-300x225.jpg 300w, https:\/\/www.hotellaroseraie.fr\/wp-content\/uploads\/2021\/03\/IMG202103030819591-1024x768.jpg 1024w, https:\/\/www.hotellaroseraie.fr\/wp-content\/uploads\/2021\/03\/IMG202103030819591-768x576.jpg 768w, https:\/\/www.hotellaroseraie.fr\/wp-content\/uploads\/2021\/03\/IMG202103030819591-1536x1152.jpg 1536w, https:\/\/www.hotellaroseraie.fr\/wp-content\/uploads\/2021\/03\/IMG202103030819591-2048x1536.jpg 2048w\" sizes=\"(max-width: 300px) 100vw, 300px\" \/><\/figure><\/li><li class=\"blocks-gallery-item\"><figure><img loading=\"lazy\" width=\"300\" height=\"225\" src=\"http:\/\/hotellaroseraie.fr\/wp-content\/uploads\/2021\/03\/La-Roseraie-623-300x225.jpg\" alt=\"\" data-id=\"374\" data-link=\"http:\/\/hotellaroseraie.fr\/index.php\/accueil\/la-roseraie-623\/\" class=\"wp-image-374\" srcset=\"https:\/\/www.hotellaroseraie.fr\/wp-content\/uploads\/2021\/03\/La-Roseraie-623-300x225.jpg 300w, https:\/\/www.hotellaroseraie.fr\/wp-content\/uploads\/2021\/03\/La-Roseraie-623-rotated.jpg 640w\" sizes=\"(max-width: 300px) 100vw, 300px\" \/><\/figure><\/li><li class=\"blocks-gallery-item\"><figure><img loading=\"lazy\" width=\"200\" height=\"300\" src=\"http:\/\/hotellaroseraie.fr\/wp-content\/uploads\/2021\/03\/La-Roseraie-765-200x300.jpg\" alt=\"\" data-id=\"377\" data-link=\"http:\/\/hotellaroseraie.fr\/index.php\/accueil\/la-roseraie-765\/\" class=\"wp-image-377\" srcset=\"https:\/\/www.hotellaroseraie.fr\/wp-content\/uploads\/2021\/03\/La-Roseraie-765-200x300.jpg 200w, https:\/\/www.hotellaroseraie.fr\/wp-content\/uploads\/2021\/03\/La-Roseraie-765-683x1024.jpg 683w, https:\/\/www.hotellaroseraie.fr\/wp-content\/uploads\/2021\/03\/La-Roseraie-765-768x1152.jpg 768w, https:\/\/www.hotellaroseraie.fr\/wp-content\/uploads\/2021\/03\/La-Roseraie-765-1024x1536.jpg 1024w, https:\/\/www.hotellaroseraie.fr\/wp-content\/uploads\/2021\/03\/La-Roseraie-765-1365x2048.jpg 1365w, https:\/\/www.hotellaroseraie.fr\/wp-content\/uploads\/2021\/03\/La-Roseraie-765-scaled.jpg 1707w\" sizes=\"(max-width: 200px) 100vw, 200px\" \/><\/figure><\/li><li class=\"blocks-gallery-item\"><figure><img loading=\"lazy\" width=\"300\" height=\"169\" src=\"http:\/\/hotellaroseraie.fr\/wp-content\/uploads\/2021\/03\/File-00586-1-300x169.jpg\" alt=\"\" data-id=\"372\" data-link=\"http:\/\/hotellaroseraie.fr\/index.php\/accueil\/file-00586-1\/\" class=\"wp-image-372\" srcset=\"https:\/\/www.hotellaroseraie.fr\/wp-content\/uploads\/2021\/03\/File-00586-1-300x169.jpg 300w, https:\/\/www.hotellaroseraie.fr\/wp-content\/uploads\/2021\/03\/File-00586-1-1024x576.jpg 1024w, https:\/\/www.hotellaroseraie.fr\/wp-content\/uploads\/2021\/03\/File-00586-1-768x432.jpg 768w, https:\/\/www.hotellaroseraie.fr\/wp-content\/uploads\/2021\/03\/File-00586-1-1536x864.jpg 1536w, https:\/\/www.hotellaroseraie.fr\/wp-content\/uploads\/2021\/03\/File-00586-1-2048x1152.jpg 2048w\" sizes=\"(max-width: 300px) 100vw, 300px\" \/><\/figure><\/li><li class=\"blocks-gallery-item\"><figure><img loading=\"lazy\" width=\"300\" height=\"169\" src=\"http:\/\/hotellaroseraie.fr\/wp-content\/uploads\/2021\/03\/La-Roseraie-653-300x169.jpg\" alt=\"\" data-id=\"375\" data-link=\"http:\/\/hotellaroseraie.fr\/index.php\/accueil\/la-roseraie-653\/\" class=\"wp-image-375\" srcset=\"https:\/\/www.hotellaroseraie.fr\/wp-content\/uploads\/2021\/03\/La-Roseraie-653-300x169.jpg 300w, https:\/\/www.hotellaroseraie.fr\/wp-content\/uploads\/2021\/03\/La-Roseraie-653-1024x576.jpg 1024w, https:\/\/www.hotellaroseraie.fr\/wp-content\/uploads\/2021\/03\/La-Roseraie-653-768x432.jpg 768w, https:\/\/www.hotellaroseraie.fr\/wp-content\/uploads\/2021\/03\/La-Roseraie-653-1536x864.jpg 1536w, https:\/\/www.hotellaroseraie.fr\/wp-content\/uploads\/2021\/03\/La-Roseraie-653-2048x1152.jpg 2048w\" sizes=\"(max-width: 300px) 100vw, 300px\" \/><\/figure><\/li><li class=\"blocks-gallery-item\"><figure><img loading=\"lazy\" width=\"300\" height=\"169\" src=\"http:\/\/hotellaroseraie.fr\/wp-content\/uploads\/2021\/03\/La-Roseraie-53-1-300x169.jpg\" alt=\"\" data-id=\"373\" data-link=\"http:\/\/hotellaroseraie.fr\/index.php\/accueil\/la-roseraie-53-1\/\" class=\"wp-image-373\" srcset=\"https:\/\/www.hotellaroseraie.fr\/wp-content\/uploads\/2021\/03\/La-Roseraie-53-1-300x169.jpg 300w, https:\/\/www.hotellaroseraie.fr\/wp-content\/uploads\/2021\/03\/La-Roseraie-53-1-768x432.jpg 768w, https:\/\/www.hotellaroseraie.fr\/wp-content\/uploads\/2021\/03\/La-Roseraie-53-1.jpg 960w\" sizes=\"(max-width: 300px) 100vw, 300px\" \/><\/figure><\/li><li class=\"blocks-gallery-item\"><figure><img loading=\"lazy\" width=\"300\" height=\"225\" src=\"http:\/\/hotellaroseraie.fr\/wp-content\/uploads\/2021\/03\/IMG202103030957061-300x225.jpg\" alt=\"\" data-id=\"394\" data-full-url=\"http:\/\/hotellaroseraie.fr\/wp-content\/uploads\/2021\/03\/IMG202103030957061-scaled.jpg\" data-link=\"http:\/\/hotellaroseraie.fr\/index.php\/accueil\/img202103030957061\/\" class=\"wp-image-394\" srcset=\"https:\/\/www.hotellaroseraie.fr\/wp-content\/uploads\/2021\/03\/IMG202103030957061-300x225.jpg 300w, https:\/\/www.hotellaroseraie.fr\/wp-content\/uploads\/2021\/03\/IMG202103030957061-1024x768.jpg 1024w, https:\/\/www.hotellaroseraie.fr\/wp-content\/uploads\/2021\/03\/IMG202103030957061-768x576.jpg 768w, https:\/\/www.hotellaroseraie.fr\/wp-content\/uploads\/2021\/03\/IMG202103030957061-1536x1152.jpg 1536w, https:\/\/www.hotellaroseraie.fr\/wp-content\/uploads\/2021\/03\/IMG202103030957061-2048x1536.jpg 2048w\" sizes=\"(max-width: 300px) 100vw, 300px\" \/><\/figure><\/li><\/ul><\/figure>\n\n\n\n<hr class=\"wp-block-separator is-style-dots\"\/>\n","protected":false},"excerpt":{"rendered":"<p>L&rsquo;H\u00f4tel La Roseraie Est&nbsp;Situ\u00e9 \u00e0 500 m\u00e8tres de la plage, 900 m\u00e8tres des grottes f\u00e9\u00e9riques d&rsquo;Aokas et entour\u00e9 de divers sites touristiques associant mer et montagnes. (Gouraya et ses sites merveilleux, la cascade de K\u00e9frida et les gorges de kharrata la corniche Jijelienne, etc\u2026) Non loin de l&rsquo;a\u00e9roport international (Abane Ramdhane) et du port de [&hellip;]<\/p>\n","protected":false},"author":1,"featured_media":0,"parent":0,"menu_order":0,"comment_status":"closed","ping_status":"closed","template":"","meta":[],"_links":{"self":[{"href":"https:\/\/www.hotellaroseraie.fr\/index.php\/wp-json\/wp\/v2\/pages\/367"}],"collection":[{"href":"https:\/\/www.hotellaroseraie.fr\/index.php\/wp-json\/wp\/v2\/pages"}],"about":[{"href":"https:\/\/www.hotellaroseraie.fr\/index.php\/wp-json\/wp\/v2\/types\/page"}],"author":[{"embeddable":true,"href":"https:\/\/www.hotellaroseraie.fr\/index.php\/wp-json\/wp\/v2\/users\/1"}],"replies":[{"embeddable":true,"href":"https:\/\/www.hotellaroseraie.fr\/index.php\/wp-json\/wp\/v2\/comments?post=367"}],"version-history":[{"count":31,"href":"https:\/\/www.hotellaroseraie.fr\/index.php\/wp-json\/wp\/v2\/pages\/367\/revisions"}],"predecessor-version":[{"id":609,"href":"https:\/\/www.hotellaroseraie.fr\/index.php\/wp-json\/wp\/v2\/pages\/367\/revisions\/609"}],"wp:attachment":[{"href":"https:\/\/www.hotellaroseraie.fr\/index.php\/wp-json\/wp\/v2\/media?parent=367"}],"curies":[{"name":"wp","href":"https:\/\/api.w.org\/{rel}","templated":true}]}}