{"id":6,"date":"2021-02-28T14:41:45","date_gmt":"2021-02-28T13:41:45","guid":{"rendered":"http:\/\/hotellaroseraie.fr\/?page_id=6"},"modified":"2021-03-10T23:44:54","modified_gmt":"2021-03-10T22:44:54","slug":"a-propos-de","status":"publish","type":"page","link":"https:\/\/www.hotellaroseraie.fr\/index.php\/a-propos-de\/","title":{"rendered":"\u00c0 propos"},"content":{"rendered":"\n<p class=\"has-text-align-center\" style=\"font-size:22px\">H\u00f4tel La Roseraie est situ\u00e9 \u00e0 500 m\u00e8tres de la plage, 900 m\u00e8tres des grottes f\u00e9erique d&rsquo;Aokas et entour\u00e9 de divers sites touristique associant mer et montagnes (Gouraya et ses sites merveilleux, la cascade de k\u00e9frida et les gorges de kharrata , la corniche jijelienne ,etc) <\/p>\n\n\n\n<p class=\"has-text-align-center\" style=\"font-size:22px\">Non loin de l&rsquo;a\u00e9roport international (ABANE RAMDHANE) et du port de b\u00e9jaia l&rsquo;h\u00f4tel la Roseraie, avec ses Chambres et Suites, son restaurant gastronomique. et Terrasse lounge offrant une vue sur la chaine montagneuse surplombant la mer, vous assure un cadre vill\u00e9giature des plus agr\u00e9able et digne des standards internationaux.<\/p>\n\n\n\n<p class=\"has-text-align-center\"><\/p>\n\n\n\n<p><\/p>\n\n\n\n<iframe src=\"https:\/\/www.google.com\/maps\/embed?pb=!1m18!1m12!1m3!1d3201.732067990264!2d5.244471615285198!3d36.63283547998341!2m3!1f0!2f0!3f0!3m2!1i1024!2i768!4f13.1!3m3!1m2!1s0x0%3A0xa6db73831a433a8a!2sH%C3%B4tel%20La%20Roseraie%203%20Etoiles!5e0!3m2!1sfr!2sdz!4v1614716229818!5m2!1sfr!2sdz\" width=\"600\" height=\"450\" style=\"border:0;\" allowfullscreen=\"\" loading=\"lazy\"><\/iframe>\n\n\n\n<p><\/p>\n","protected":false},"excerpt":{"rendered":"<p>H\u00f4tel La Roseraie est situ\u00e9 \u00e0 500 m\u00e8tres de la plage, 900 m\u00e8tres des grottes f\u00e9erique d&rsquo;Aokas et entour\u00e9 de divers sites touristique associant mer et montagnes (Gouraya et ses sites merveilleux, la cascade de k\u00e9frida et les gorges de kharrata , la corniche jijelienne ,etc) Non loin de l&rsquo;a\u00e9roport international (ABANE RAMDHANE) et du [&hellip;]<\/p>\n","protected":false},"author":1,"featured_media":10,"parent":0,"menu_order":0,"comment_status":"closed","ping_status":"closed","template":"","meta":[],"_links":{"self":[{"href":"https:\/\/www.hotellaroseraie.fr\/index.php\/wp-json\/wp\/v2\/pages\/6"}],"collection":[{"href":"https:\/\/www.hotellaroseraie.fr\/index.php\/wp-json\/wp\/v2\/pages"}],"about":[{"href":"https:\/\/www.hotellaroseraie.fr\/index.php\/wp-json\/wp\/v2\/types\/page"}],"author":[{"embeddable":true,"href":"https:\/\/www.hotellaroseraie.fr\/index.php\/wp-json\/wp\/v2\/users\/1"}],"replies":[{"embeddable":true,"href":"https:\/\/www.hotellaroseraie.fr\/index.php\/wp-json\/wp\/v2\/comments?post=6"}],"version-history":[{"count":11,"href":"https:\/\/www.hotellaroseraie.fr\/index.php\/wp-json\/wp\/v2\/pages\/6\/revisions"}],"predecessor-version":[{"id":613,"href":"https:\/\/www.hotellaroseraie.fr\/index.php\/wp-json\/wp\/v2\/pages\/6\/revisions\/613"}],"wp:featuredmedia":[{"embeddable":true,"href":"https:\/\/www.hotellaroseraie.fr\/index.php\/wp-json\/wp\/v2\/media\/10"}],"wp:attachment":[{"href":"https:\/\/www.hotellaroseraie.fr\/index.php\/wp-json\/wp\/v2\/media?parent=6"}],"curies":[{"name":"wp","href":"https:\/\/api.w.org\/{rel}","templated":true}]}}